{"id":278,"date":"2020-12-05T16:33:24","date_gmt":"2020-12-05T15:33:24","guid":{"rendered":"http:\/\/pensionchiens.fr\/?page_id=278"},"modified":"2020-12-05T20:36:17","modified_gmt":"2020-12-05T19:36:17","slug":"actualites","status":"publish","type":"page","link":"https:\/\/pensionchiens.fr\/index.php\/actualites\/","title":{"rendered":"Actualit\u00e9s"},"content":{"rendered":"\n<p>Actualit\u00e9s :&nbsp;<\/p>\n\n\n\n<p><em>Au vus des nouvelles dispositions sanitaires merci de lire et appliquer le protocole sanitaire suivant&nbsp;&nbsp;:<\/em><\/p>\n\n\n\n<p><em>Toutes les personnes impliqu\u00e9es dans ce protocole doivent \u00eatre en bonne sant\u00e9 (absence de signe clinique et ne pr\u00e9sentant pas de temp\u00e9rature), elles ne doivent pas \u00eatre des personnes \u00ab contact \u00bb, ni des personnes \u00ab \u00e0 risque \u00bb.<\/em><\/p>\n\n\n\n<p><em>Si le propri\u00e9taire de l&#8217;animal est COVID 19, l&#8217;animal devra \u00eatre douch\u00e9 et \u00e9viter tout contacts avant le d\u00e9p\u00f4t \u00e0 la pension. Si le propri\u00e9taire s&#8217;y oppose, l&#8217;animal sera refus\u00e9.<\/em><\/p>\n\n\n\n<p><em>\u2022 L&#8217;accueil de animaux se fait sur rendez-vous UNIQUEMENT, horaire \u00e0 respecter pour \u00e9viter les croisements de flux entrants et sortants. UNE SEULE PERSONNE PAR RENDEZ-VOUS.<\/em><\/p>\n\n\n\n<p><em>&nbsp;<\/em><strong><em>Avant le jour J pour l&#8217;entr\u00e9e en pension<\/em><\/strong><em>&nbsp;:<\/em><\/p>\n\n\n\n<p><em>\u2022 Le propri\u00e9taire emballera les effets personnels de l&#8217;animal dans un sac jetable ferm\u00e9. Les effets personnels de l&#8217;animal devront \u00eatre r\u00e9duits au minimum des besoins (les coussins devront \u00eatre nettoy\u00e9s et d\u00e9sinfect\u00e9s)<\/em><\/p>\n\n\n\n<p><em>\u2022 Le carnet de sant\u00e9 et autres documents seront regroup\u00e9s dans une enveloppe.<\/em><\/p>\n\n\n\n<p><em>\u2022 Le propri\u00e9taire devra se munir d&#8217;un masque, de gel hydroalcoolique et de gants \u00e0 usage unique dans sa voiture.<\/em><\/p>\n\n\n\n<p><strong><em>A l&#8217;arriv\u00e9e en pension<\/em><\/strong><em>&nbsp;: UNE seule personne sera pr\u00e9sente pour son animal&nbsp;<\/em><\/p>\n\n\n\n<p><em>Se d\u00e9placer tout seul et devant la pension, merci de rester \u00e0 UN m\u00e8tre de distance des autres personnes sans entrer dans l&#8217;enceinte de la pension.<\/em><\/p>\n\n\n\n<p><em>\u2022 Poser le sac contenant les effets personnels de l&#8217;animal au sol \u00e0 l&#8217;int\u00e9rieur de l&#8217;enceinte de la pension. Ainsi que l&#8217;enveloppe avec tous les documents (carnet de sant\u00e9, ordonnances, carte propri\u00e9taires)<\/em><\/p>\n\n\n\n<p><em>\u2022 Sortir le chien en laisse et le lib\u00e9rer dans la cour en r\u00e9cup\u00e9rant laisse et collier.<\/em><\/p>\n\n\n\n<p><em>\u2022 La distance entre le propri\u00e9taire et le&nbsp;<\/em><em>pensionneur<\/em><em>&nbsp;est de UN m\u00e8tre conform\u00e9ment aux recommandations des autorit\u00e9s.<\/em><\/p>\n\n\n\n<p><em>&nbsp;<\/em><strong><em>Au d\u00e9part de l&#8217;animal de la pension<\/em><\/strong><em>&nbsp;: UNE seule personne sera pr\u00e9sente pour son animal<\/em><\/p>\n\n\n\n<p><em>\u2022 Cette personne sortira de sa voiture UNIQUEMENT quand le&nbsp;<\/em><em>pensionneur<\/em><em>&nbsp;vient la chercher.<\/em><\/p>\n\n\n\n<p><em>\u2022 Si les conditions m\u00e9t\u00e9orologiques ne permettent pas de rester dans la voiture, se d\u00e9placer tout seul et devant la pension, merci de rester \u00e0 UN m\u00e8tre de distance des autres personnes sans entrer dans l&#8217;enceinte de la pension.<\/em><\/p>\n\n\n\n<p><em>\u2022 Le propri\u00e9taire restera devant le portail et attend que le&nbsp;<\/em><em>pensionneur<\/em><em>&nbsp;lib\u00e8re le chien dans la cour, que vous attacherez avec ses laisse et collier avant de le remettre dans la voiture.<\/em><\/p>\n\n\n\n<p><em>\u2022 La distance \u00e0 respecter entre le&nbsp;<\/em><em>pensionneur<\/em><em>&nbsp;et le propri\u00e9taire sera d&#8217;au moins UN m\u00e8tre conform\u00e9ment aux recommandations des autorit\u00e9s.<\/em><\/p>\n\n\n\n<p><em>\u2022 Prendre le sac des effets personnels que le&nbsp;<\/em><em>pensionneur<\/em><em>&nbsp;aura mis \u00e0 disposition au sol avec l&#8217;enveloppe des documents administratifs (carnet de sant\u00e9 etc.\u2026).<\/em><\/p>\n","protected":false},"excerpt":{"rendered":"<p>Actualit\u00e9s :&nbsp; Au vus des nouvelles dispositions sanitaires merci de lire et appliquer le protocole sanitaire suivant&nbsp;&nbsp;: Toutes les personnes impliqu\u00e9es dans ce protocole doivent \u00eatre en bonne sant\u00e9 (absence de signe clinique et ne pr\u00e9sentant pas de temp\u00e9rature), elles ne doivent pas \u00eatre des personnes \u00ab contact \u00bb, ni des personnes \u00ab \u00e0 risque [&hellip;]<\/p>\n","protected":false},"author":1,"featured_media":0,"parent":0,"menu_order":0,"comment_status":"closed","ping_status":"closed","template":"","meta":{"spay_email":""},"_links":{"self":[{"href":"https:\/\/pensionchiens.fr\/index.php\/wp-json\/wp\/v2\/pages\/278"}],"collection":[{"href":"https:\/\/pensionchiens.fr\/index.php\/wp-json\/wp\/v2\/pages"}],"about":[{"href":"https:\/\/pensionchiens.fr\/index.php\/wp-json\/wp\/v2\/types\/page"}],"author":[{"embeddable":true,"href":"https:\/\/pensionchiens.fr\/index.php\/wp-json\/wp\/v2\/users\/1"}],"replies":[{"embeddable":true,"href":"https:\/\/pensionchiens.fr\/index.php\/wp-json\/wp\/v2\/comments?post=278"}],"version-history":[{"count":2,"href":"https:\/\/pensionchiens.fr\/index.php\/wp-json\/wp\/v2\/pages\/278\/revisions"}],"predecessor-version":[{"id":302,"href":"https:\/\/pensionchiens.fr\/index.php\/wp-json\/wp\/v2\/pages\/278\/revisions\/302"}],"wp:attachment":[{"href":"https:\/\/pensionchiens.fr\/index.php\/wp-json\/wp\/v2\/media?parent=278"}],"curies":[{"name":"wp","href":"https:\/\/api.w.org\/{rel}","templated":true}]}}