{"id":272,"date":"2020-12-05T16:31:04","date_gmt":"2020-12-05T15:31:04","guid":{"rendered":"http:\/\/pensionchiens.fr\/?page_id=272"},"modified":"2020-12-14T17:18:36","modified_gmt":"2020-12-14T16:18:36","slug":"pension-n-a-c","status":"publish","type":"page","link":"https:\/\/pensionchiens.fr\/index.php\/pension-n-a-c\/","title":{"rendered":"Pension N.A.C."},"content":{"rendered":"\n<p class=\"has-medium-font-size\"><em>Nos amis les rongeurs et les oiseaux sont les bienvenus.<\/em><\/p>\n\n\n\n<p class=\"has-medium-font-size\"><em>Pour la s\u00e9curit\u00e9 de votre compagnon, celui-ci ne pourra \u00eatre r\u00e9cup\u00e9r\u00e9 que par la personne l&#8217;ayant d\u00e9pos\u00e9, sauf autorisation \u00e9crite du propri\u00e9taire accompagn\u00e9e de sa pi\u00e8ce d&#8217;identit\u00e9.<\/em><\/p>\n\n\n\n<p class=\"has-medium-font-size\"><em>Pour toute annulation de s\u00e9jour, la r\u00e9servation reste acquise \u00e0 Entre chiens et chats.<\/em><\/p>\n\n\n\n<p class=\"has-medium-font-size\"><em>Si le pensionnaire est repris avant la date fix\u00e9e lors de son arriv\u00e9e, le propri\u00e9taire s&#8217;engage \u00e0 payer la totalit\u00e9 du s\u00e9jour.<\/em><\/p>\n\n\n\n<p class=\"has-medium-font-size\"><em>En cas de frais v\u00e9t\u00e9rinaire, ces derniers seront \u00e0 la charge du propri\u00e9taire (justificatifs fournis).<\/em><\/p>\n","protected":false},"excerpt":{"rendered":"<p>Nos amis les rongeurs et les oiseaux sont les bienvenus. Pour la s\u00e9curit\u00e9 de votre compagnon, celui-ci ne pourra \u00eatre r\u00e9cup\u00e9r\u00e9 que par la personne l&#8217;ayant d\u00e9pos\u00e9, sauf autorisation \u00e9crite du propri\u00e9taire accompagn\u00e9e de sa pi\u00e8ce d&#8217;identit\u00e9. Pour toute annulation de s\u00e9jour, la r\u00e9servation reste acquise \u00e0 Entre chiens et chats. Si le pensionnaire est [&hellip;]<\/p>\n","protected":false},"author":1,"featured_media":0,"parent":0,"menu_order":0,"comment_status":"closed","ping_status":"closed","template":"","meta":{"spay_email":""},"_links":{"self":[{"href":"https:\/\/pensionchiens.fr\/index.php\/wp-json\/wp\/v2\/pages\/272"}],"collection":[{"href":"https:\/\/pensionchiens.fr\/index.php\/wp-json\/wp\/v2\/pages"}],"about":[{"href":"https:\/\/pensionchiens.fr\/index.php\/wp-json\/wp\/v2\/types\/page"}],"author":[{"embeddable":true,"href":"https:\/\/pensionchiens.fr\/index.php\/wp-json\/wp\/v2\/users\/1"}],"replies":[{"embeddable":true,"href":"https:\/\/pensionchiens.fr\/index.php\/wp-json\/wp\/v2\/comments?post=272"}],"version-history":[{"count":3,"href":"https:\/\/pensionchiens.fr\/index.php\/wp-json\/wp\/v2\/pages\/272\/revisions"}],"predecessor-version":[{"id":430,"href":"https:\/\/pensionchiens.fr\/index.php\/wp-json\/wp\/v2\/pages\/272\/revisions\/430"}],"wp:attachment":[{"href":"https:\/\/pensionchiens.fr\/index.php\/wp-json\/wp\/v2\/media?parent=272"}],"curies":[{"name":"wp","href":"https:\/\/api.w.org\/{rel}","templated":true}]}}